{"id":17,"date":"2021-06-08T23:45:59","date_gmt":"2021-06-08T23:45:59","guid":{"rendered":"https:\/\/artefox.com\/color\/?page_id=17"},"modified":"2021-06-10T23:52:14","modified_gmt":"2021-06-10T23:52:14","slug":"nosotros","status":"publish","type":"page","link":"https:\/\/artefox.com\/color\/nosotros\/","title":{"rendered":"Nosotros"},"content":{"rendered":"<p>[et_pb_section fb_built=\u00bb1&#8243; _builder_version=\u00bb4.9.4&#8243; _module_preset=\u00bbdefault\u00bb][et_pb_row _builder_version=\u00bb4.9.4&#8243; _module_preset=\u00bbdefault\u00bb][et_pb_column type=\u00bb4_4&#8243; _builder_version=\u00bb4.9.4&#8243; _module_preset=\u00bbdefault\u00bb][et_pb_text _builder_version=\u00bb4.9.4&#8243; _module_preset=\u00bbdefault\u00bb header_font=\u00bbAvenir Book|700|||||||\u00bb header_text_color=\u00bb#000000&#8243; header_font_size=\u00bb40px\u00bb positioning=\u00bbrelative\u00bb text_orientation=\u00bbcenter\u00bb custom_margin=\u00bb||60px||false|false\u00bb header_font_size_tablet=\u00bb\u00bb header_font_size_phone=\u00bb28px\u00bb header_font_size_last_edited=\u00bbon|phone\u00bb custom_css_before=\u00bbbottom: -25px;||content: %22%22;||display: block;||height: 3px;||position: absolute;||width: 300px;||background-color: #edd103;||left:50%;||margin-left:-150px;\u00bb]<\/p>\n<h1>Trabajemos juntos en tu proyecto.<\/h1>\n<p>[\/et_pb_text][et_pb_text _builder_version=\u00bb4.9.4&#8243; _module_preset=\u00bbdefault\u00bb text_font=\u00bbAvenir Book||||||||\u00bb text_text_color=\u00bb#000000&#8243; text_font_size=\u00bb23px\u00bb text_line_height=\u00bb35.5px\u00bb text_orientation=\u00bbcenter\u00bb max_width=\u00bb800px\u00bb module_alignment=\u00bbcenter\u00bb]Somos una agencia 100% queretana comprometida a llenar las necesidades de nuestros clientes en los \u00e1mbitos de la publicidad y el dise\u00f1o.[\/et_pb_text][\/et_pb_column][\/et_pb_row][\/et_pb_section][et_pb_section fb_built=\u00bb1&#8243; _builder_version=\u00bb4.9.4&#8243; _module_preset=\u00bbdefault\u00bb background_color=\u00bb#0031ff\u00bb][et_pb_row _builder_version=\u00bb4.9.4&#8243; _module_preset=\u00bbdefault\u00bb custom_margin=\u00bb||180px||false|false\u00bb custom_margin_tablet=\u00bb||30px||false|false\u00bb custom_margin_phone=\u00bb||30px||false|false\u00bb custom_margin_last_edited=\u00bbon|phone\u00bb][et_pb_column type=\u00bb4_4&#8243; _builder_version=\u00bb4.9.4&#8243; _module_preset=\u00bbdefault\u00bb][et_pb_text _builder_version=\u00bb4.9.4&#8243; _module_preset=\u00bbdefault\u00bb text_font=\u00bbAvenir Light||||||||\u00bb text_text_color=\u00bb#FFFFFF\u00bb text_font_size=\u00bb27px\u00bb text_line_height=\u00bb30px\u00bb max_width=\u00bb810px\u00bb]<\/p>\n<p>A nosotros <span style=\"color: #ffe000;\" class=\"boldfx\">nos encanta contar historias<\/span> y vemos nuestros servicios c\u00f3mo los principales canales de comunicaci\u00f3n para las empresas con sus clientes.<\/p>\n<p>[\/et_pb_text][\/et_pb_column][\/et_pb_row][et_pb_row column_structure=\u00bb1_3,2_3&#8243; _builder_version=\u00bb4.9.4&#8243; _module_preset=\u00bbdefault\u00bb custom_margin_tablet=\u00bb||100px||false|false\u00bb custom_margin_phone=\u00bb||150px||false|false\u00bb custom_margin_last_edited=\u00bbon|phone\u00bb][et_pb_column type=\u00bb1_3&#8243; _builder_version=\u00bb4.9.4&#8243; _module_preset=\u00bbdefault\u00bb][\/et_pb_column][et_pb_column type=\u00bb2_3&#8243; _builder_version=\u00bb4.9.4&#8243; _module_preset=\u00bbdefault\u00bb][et_pb_text _builder_version=\u00bb4.9.4&#8243; _module_preset=\u00bbdefault\u00bb text_font=\u00bbAvenir Light||||||||\u00bb text_text_color=\u00bb#FFFFFF\u00bb text_font_size=\u00bb27px\u00bb text_line_height=\u00bb30px\u00bb max_width=\u00bb810px\u00bb custom_margin=\u00bb-100px||||false|false\u00bb]Nos diferenciamos por <span style=\"color:#ffe000\" class=\"boldfx\">la rapidez y la calidad<\/span> con la que hacemos nuestro trabajo.[\/et_pb_text][\/et_pb_column][\/et_pb_row][\/et_pb_section][et_pb_section fb_built=\u00bb1&#8243; _builder_version=\u00bb4.9.4&#8243; _module_preset=\u00bbdefault\u00bb custom_padding=\u00bb0px||0px||false|false\u00bb background_last_edited=\u00bbon|phone\u00bb use_background_color_gradient_phone=\u00bbon\u00bb background_color_gradient_start_phone=\u00bbrgba(255,255,255,0.65)\u00bb background_color_gradient_end_phone=\u00bbrgba(255,255,255,0.59)\u00bb][et_pb_row column_structure=\u00bb1_2,1_2&#8243; custom_padding_last_edited=\u00bbon|phone\u00bb _builder_version=\u00bb4.9.4&#8243; _module_preset=\u00bbdefault\u00bb width=\u00bb100%\u00bb custom_padding=\u00bb0px||0px||false|false\u00bb custom_padding_tablet=\u00bb\u00bb custom_padding_phone=\u00bb\u00bb][et_pb_column type=\u00bb1_2&#8243; _builder_version=\u00bb4.9.4&#8243; _module_preset=\u00bbdefault\u00bb][et_pb_image src=\u00bbhttps:\/\/artefox.com\/color\/wp-content\/uploads\/2021\/06\/esfera.png\u00bb title_text=\u00bbesfera\u00bb _builder_version=\u00bb4.9.4&#8243; _module_preset=\u00bbdefault\u00bb width=\u00bb450px\u00bb max_width=\u00bb450px\u00bb min_height=\u00bb411px\u00bb max_height=\u00bb411px\u00bb custom_margin=\u00bb-214px|||-110px|false|false\u00bb custom_margin_tablet=\u00bb|||0px|false|false\u00bb custom_margin_phone=\u00bb-214px|||0px|false|false\u00bb custom_margin_last_edited=\u00bbon|desktop\u00bb animation_style=\u00bbzoom\u00bb hover_enabled=\u00bb0&#8243; sticky_enabled=\u00bb0&#8243;][\/et_pb_image][\/et_pb_column][et_pb_column type=\u00bb1_2&#8243; _builder_version=\u00bb4.9.4&#8243; _module_preset=\u00bbdefault\u00bb][\/et_pb_column][\/et_pb_row][\/et_pb_section][et_pb_section fb_built=\u00bb1&#8243; custom_padding_last_edited=\u00bbon|phone\u00bb _builder_version=\u00bb4.9.4&#8243; _module_preset=\u00bbdefault\u00bb custom_margin_tablet=\u00bb-100px||||false|false\u00bb custom_margin_phone=\u00bb-200px||0px||false|false\u00bb custom_margin_last_edited=\u00bbon|phone\u00bb custom_padding_tablet=\u00bb\u00bb custom_padding_phone=\u00bb||0px||false|false\u00bb background_last_edited=\u00bbon|phone\u00bb use_background_color_gradient_phone=\u00bbon\u00bb background_color_gradient_start_phone=\u00bbrgba(255,255,255,0.48)\u00bb background_color_gradient_end_phone=\u00bbrgba(255,255,255,0.55)\u00bb background_color_gradient_overlays_image_phone=\u00bbon\u00bb][et_pb_row _builder_version=\u00bb4.9.4&#8243; _module_preset=\u00bbdefault\u00bb custom_margin=\u00bb||90px||false|false\u00bb custom_margin_tablet=\u00bb||0px||false|false\u00bb custom_margin_phone=\u00bb\u00bb custom_margin_last_edited=\u00bbon|tablet\u00bb][et_pb_column type=\u00bb4_4&#8243; _builder_version=\u00bb4.9.4&#8243; _module_preset=\u00bbdefault\u00bb][et_pb_text _builder_version=\u00bb4.9.4&#8243; _module_preset=\u00bbdefault\u00bb header_font=\u00bbAvenir Black||||||||\u00bb header_text_color=\u00bb#000000&#8243; header_font_size=\u00bb53px\u00bb positioning=\u00bbrelative\u00bb text_orientation=\u00bbcenter\u00bb custom_margin=\u00bb||60px||false|false\u00bb header_font_size_tablet=\u00bb\u00bb header_font_size_phone=\u00bb28px\u00bb header_font_size_last_edited=\u00bbon|phone\u00bb custom_css_before=\u00bbbottom: -25px;||content: %22%22;||display: block;||height: 3px;||position: absolute;||width: 300px;||background-color: #edd103;||left:50%;||margin-left:-150px;\u00bb]<\/p>\n<h1>Cada cliente feliz es una historia<br \/>de \u00e9xito.<\/h1>\n<p>[\/et_pb_text][et_pb_text _builder_version=\u00bb4.9.4&#8243; _module_preset=\u00bbdefault\u00bb text_font=\u00bbAvenir Book||||||||\u00bb text_text_color=\u00bb#000000&#8243; text_font_size=\u00bb23px\u00bb text_line_height=\u00bb35.5px\u00bb text_orientation=\u00bbcenter\u00bb max_width=\u00bb800px\u00bb module_alignment=\u00bbcenter\u00bb]Para nosotros tu marca es lo m\u00e1s importante, conocemos el esfuerzo que es construir  una marca y entendemos el amor que se forma hacia tu negocio.<\/p>\n<p>Nosotros queremos tomar todo ese amor y cari\u00f1o y transformarlo en un gancho para tus clientes.[\/et_pb_text][\/et_pb_column][\/et_pb_row][et_pb_row column_structure=\u00bb1_2,1_2&#8243; _builder_version=\u00bb4.9.4&#8243; _module_preset=\u00bbdefault\u00bb][et_pb_column type=\u00bb1_2&#8243; _builder_version=\u00bb4.9.4&#8243; _module_preset=\u00bbdefault\u00bb custom_padding=\u00bb150px||||false|false\u00bb custom_padding_tablet=\u00bb50px||||false|false\u00bb custom_padding_phone=\u00bb0px||||false|false\u00bb custom_padding_last_edited=\u00bbon|phone\u00bb][et_pb_text _builder_version=\u00bb4.9.4&#8243; _module_preset=\u00bbdefault\u00bb header_3_font=\u00bbAvenir Black||||||||\u00bb header_3_text_color=\u00bb#000000&#8243; header_3_font_size=\u00bb47px\u00bb background_image=\u00bbhttps:\/\/artefox.com\/color\/wp-content\/uploads\/2021\/06\/flecha.png\u00bb background_size=\u00bbinitial\u00bb background_position=\u00bbcenter_right\u00bb header_3_font_size_tablet=\u00bb\u00bb header_3_font_size_phone=\u00bb34px\u00bb header_3_font_size_last_edited=\u00bbon|phone\u00bb background_last_edited=\u00bbon|phone\u00bb background_image_tablet=\u00bbhttps:\/\/artefox.com\/color\/wp-content\/uploads\/2021\/06\/flecha-abajo.jpg\u00bb background_image_phone=\u00bbhttps:\/\/artefox.com\/color\/wp-content\/uploads\/2021\/06\/flecha-abajo.jpg\u00bb background_enable_image_tablet=\u00bbon\u00bb background_enable_image_phone=\u00bbon\u00bb]<\/p>\n<h3>\u00bfC\u00f3mo<br \/>trabajamos?<\/h3>\n<p>[\/et_pb_text][\/et_pb_column][et_pb_column type=\u00bb1_2&#8243; _builder_version=\u00bb4.9.4&#8243; _module_preset=\u00bbdefault\u00bb][et_pb_text module_class=\u00bbnegritafx\u00bb _builder_version=\u00bb4.9.4&#8243; _module_preset=\u00bbdefault\u00bb text_font=\u00bbAvenir Book|500|||||||\u00bb text_text_color=\u00bb#0031ff\u00bb text_font_size=\u00bb24px\u00bb text_line_height=\u00bb30px\u00bb custom_margin=\u00bb||100px||false|false\u00bb custom_margin_tablet=\u00bb\u00bb custom_margin_phone=\u00bb||30px||false|false\u00bb custom_margin_last_edited=\u00bbon|phone\u00bb]<\/p>\n<p>Reuniones <strong>face to face.<\/strong><\/p>\n<p>[\/et_pb_text][et_pb_text module_class=\u00bbnegritafx\u00bb _builder_version=\u00bb4.9.4&#8243; _module_preset=\u00bbdefault\u00bb text_font=\u00bbAvenir Book|500|||||||\u00bb text_text_color=\u00bb#0031ff\u00bb text_font_size=\u00bb24px\u00bb text_line_height=\u00bb30px\u00bb custom_margin=\u00bb||100px|100px|false|false\u00bb custom_margin_tablet=\u00bb\u00bb custom_margin_phone=\u00bb||30px|0px|false|false\u00bb custom_margin_last_edited=\u00bbon|phone\u00bb]<\/p>\n<p>Cada d\u00eda tratamos de<strong> actualizar<\/strong> nuestros conocimientos para ofrecerte el mejor servicio.<\/p>\n<p>[\/et_pb_text][et_pb_text module_class=\u00bbnegritafx\u00bb _builder_version=\u00bb4.9.4&#8243; _module_preset=\u00bbdefault\u00bb text_font=\u00bbAvenir Book|500|||||||\u00bb text_text_color=\u00bb#0031ff\u00bb text_font_size=\u00bb24px\u00bb text_line_height=\u00bb30px\u00bb custom_margin=\u00bb||100px||false|false\u00bb custom_margin_tablet=\u00bb\u00bb custom_margin_phone=\u00bb||30px||false|false\u00bb custom_margin_last_edited=\u00bbon|phone\u00bb]<\/p>\n<p>Antes de tomar una decisi\u00f3n 100% de las veces lo consultamos <strong>primero<\/strong> con el cliente.<\/p>\n<p>[\/et_pb_text][et_pb_text module_class=\u00bbnegritafx\u00bb _builder_version=\u00bb4.9.4&#8243; _module_preset=\u00bbdefault\u00bb text_font=\u00bbAvenir Book|500|||||||\u00bb text_text_color=\u00bb#0031ff\u00bb text_font_size=\u00bb24px\u00bb text_line_height=\u00bb30px\u00bb custom_margin=\u00bb|||100px|false|false\u00bb custom_margin_tablet=\u00bb\u00bb custom_margin_phone=\u00bb|||0px|false|false\u00bb custom_margin_last_edited=\u00bbon|phone\u00bb]<\/p>\n<p><strong>Comunicaci\u00f3n<\/strong> con el cliente en<br \/>todo momento.<\/p>\n<p>[\/et_pb_text][\/et_pb_column][\/et_pb_row][\/et_pb_section][et_pb_section fb_built=\u00bb1&#8243; _builder_version=\u00bb4.9.4&#8243; _module_preset=\u00bbdefault\u00bb background_image=\u00bbhttps:\/\/artefox.com\/color\/wp-content\/uploads\/2021\/06\/circulos.png\u00bb background_size=\u00bbinitial\u00bb background_position=\u00bbcenter_right\u00bb min_height=\u00bb380px\u00bb custom_margin=\u00bb-200px||||false|false\u00bb background_last_edited=\u00bbon|phone\u00bb use_background_color_gradient_phone=\u00bbon\u00bb background_color_gradient_start_phone=\u00bbrgba(255,255,255,0.24)\u00bb background_color_gradient_end_phone=\u00bb#ffffff\u00bb background_color_gradient_overlays_image_phone=\u00bbon\u00bb][et_pb_row _builder_version=\u00bb4.9.4&#8243; _module_preset=\u00bbdefault\u00bb custom_padding=\u00bb250px||||false|false\u00bb][et_pb_column type=\u00bb4_4&#8243; _builder_version=\u00bb4.9.4&#8243; _module_preset=\u00bbdefault\u00bb][et_pb_text _builder_version=\u00bb4.9.4&#8243; _module_preset=\u00bbdefault\u00bb text_font=\u00bbAvenir Black||||||||\u00bb text_text_color=\u00bb#000000&#8243; text_font_size=\u00bb30px\u00bb text_orientation=\u00bbcenter\u00bb text_font_size_tablet=\u00bb\u00bb text_font_size_phone=\u00bb24px\u00bb text_font_size_last_edited=\u00bbon|phone\u00bb text_line_height_tablet=\u00bb\u00bb text_line_height_phone=\u00bb30px\u00bb text_line_height_last_edited=\u00bbon|phone\u00bb]<\/p>\n<p>Think People existe para contar la historia de tu marca.<\/p>\n<p>[\/et_pb_text][\/et_pb_column][\/et_pb_row][\/et_pb_section]<\/p>\n","protected":false},"excerpt":{"rendered":"<p>Trabajemos juntos en tu proyecto.Somos una agencia 100% queretana comprometida a llenar las necesidades de nuestros clientes en los \u00e1mbitos de la publicidad y el dise\u00f1o.A nosotros nos encanta contar historias y vemos nuestros servicios c\u00f3mo los principales canales de comunicaci\u00f3n para las empresas con sus clientes.Nos diferenciamos por la rapidez y la calidad con [&hellip;]<\/p>\n","protected":false},"author":1,"featured_media":0,"parent":0,"menu_order":0,"comment_status":"closed","ping_status":"closed","template":"","meta":{"_et_pb_use_builder":"on","_et_pb_old_content":"","_et_gb_content_width":"","footnotes":""},"class_list":["post-17","page","type-page","status-publish","hentry"],"_links":{"self":[{"href":"https:\/\/artefox.com\/color\/wp-json\/wp\/v2\/pages\/17","targetHints":{"allow":["GET"]}}],"collection":[{"href":"https:\/\/artefox.com\/color\/wp-json\/wp\/v2\/pages"}],"about":[{"href":"https:\/\/artefox.com\/color\/wp-json\/wp\/v2\/types\/page"}],"author":[{"embeddable":true,"href":"https:\/\/artefox.com\/color\/wp-json\/wp\/v2\/users\/1"}],"replies":[{"embeddable":true,"href":"https:\/\/artefox.com\/color\/wp-json\/wp\/v2\/comments?post=17"}],"version-history":[{"count":32,"href":"https:\/\/artefox.com\/color\/wp-json\/wp\/v2\/pages\/17\/revisions"}],"predecessor-version":[{"id":539,"href":"https:\/\/artefox.com\/color\/wp-json\/wp\/v2\/pages\/17\/revisions\/539"}],"wp:attachment":[{"href":"https:\/\/artefox.com\/color\/wp-json\/wp\/v2\/media?parent=17"}],"curies":[{"name":"wp","href":"https:\/\/api.w.org\/{rel}","templated":true}]}}